{"id":177,"date":"2015-09-05T14:21:45","date_gmt":"2015-09-05T12:21:45","guid":{"rendered":"http:\/\/dev.szmagli.info\/?page_id=177"},"modified":"2024-06-13T11:20:58","modified_gmt":"2024-06-13T09:20:58","slug":"statut-osrodka","status":"publish","type":"page","link":"https:\/\/www.komornik.pl\/?page_id=177","title":{"rendered":"Statut O\u015brodka"},"content":{"rendered":"<h2 style=\"text-align: center;\">Statut<br \/>\nO\u015brodka Naukowo-Szkoleniowego przy Krajowej Radzie Komorniczej<\/h2>\n<h3 align=\"center\">Rozdzia\u0142 I<br \/>\nPostanowienia og\u00f3lne<\/h3>\n<p>&nbsp;<\/p>\n<p>\u00a71. O\u015brodek Naukowo-Szkoleniowy przy Krajowej Radzie Komorniczej, zwany dalej \u201eO\u015brodkiem\u201d, jest powo\u0142any przez Krajow\u0105 Rad\u0119 Komornicz\u0105 i dzia\u0142a na podstawie statutu uchwalonego przez Krajow\u0105 Rad\u0119 Komornicz\u0105.<\/p>\n<p>\u00a7 2. Dzia\u0142alno\u015b\u0107 O\u015brodka jest finansowana z bud\u017cetu Krajowej Rady Komorniczej.<\/p>\n<p>\u00a7 3. Siedzib\u0105 O\u015brodka jest siedziba Krajowej Rady Komorniczej.<\/p>\n<h3 align=\"center\">Rozdzia\u0142 II<br \/>\nCel i dzia\u0142alno\u015b\u0107 O\u015brodka<\/h3>\n<p>&nbsp;<\/p>\n<p>\u00a7 4. Celem O\u015brodka jest:<\/p>\n<p>1)\u00a0\u00a0\u00a0\u00a0\u00a0\u00a0 inicjowanie i prowadzenie prac badawczych w zakresie:<\/p>\n<p>&#8211; s\u0105dowego prawa egzekucyjnego, zagadnie\u0144 ustrojowych s\u0105dowych organ\u00f3w egzekucyjnych oraz wykonywania zawodu komornika s\u0105dowego,<\/p>\n<p>&#8211; wsp\u00f3\u0142dzia\u0142ania komornik\u00f3w s\u0105dowych z organami wymiaru sprawiedliwo\u015bci,<\/p>\n<p>&#8211; dziej\u00f3w i zada\u0144 samorz\u0105du komorniczego,<\/p>\n<p>2)\u00a0\u00a0\u00a0\u00a0\u00a0\u00a0 sta\u0142e monitorowanie i opiniowanie projekt\u00f3w akt\u00f3w prawnych z zakresu s\u0105dowego post\u0119powania egzekucyjnego oraz dotycz\u0105cych ustroju i dzia\u0142alno\u015bci komornik\u00f3w s\u0105dowych, zw\u0142aszcza nadsy\u0142anych do Krajowej Rady Komorniczej,<\/p>\n<p>3)\u00a0\u00a0\u00a0\u00a0\u00a0\u00a0 naukowe wspieranie dzia\u0142alno\u015bci organ\u00f3w samorz\u0105du komorniczego,<\/p>\n<p>4)\u00a0\u00a0\u00a0\u00a0\u00a0\u00a0 popularyzacja wiedzy o prawie egzekucyjnym, funkcjach i dzia\u0142alno\u015bci komornik\u00f3w s\u0105dowych oraz o dziejach i zadaniach samorz\u0105du komorniczego,<\/p>\n<p>5)\u00a0\u00a0\u00a0\u00a0\u00a0\u00a0 organizacja sesji i konferencji naukowych oraz wspieranie publikacji naukowych, w tym zw\u0142aszcza prac monograficznych z zakresu s\u0105dowego prawa\u00a0 egzekucyjnego oraz ustroju s\u0105dowych organ\u00f3w egzekucyjnych,<\/p>\n<p>6)\u00a0\u00a0\u00a0\u00a0\u00a0\u00a0 opracowywanie i wprowadzenie w \u017cycie optymalnych metod doskonalenia zawodowego komornik\u00f3w s\u0105dowych,<\/p>\n<p>7)\u00a0\u00a0\u00a0\u00a0\u00a0\u00a0 organizacja szkole\u0144 zawodowych dla komornik\u00f3w s\u0105dowych, zw\u0142aszcza z zakresu prawa egzekucyjnego oraz ustawy o komornikach sadowych i egzekucji.<\/p>\n<h3 align=\"center\">Rozdzia\u0142 III<br \/>\nOrgany O\u015brodka<\/h3>\n<p>&nbsp;<\/p>\n<p>\u00a7 5. Organami O\u015brodka s\u0105 Rada Naukowa i Dyrektor.<\/p>\n<p>\u00a7 6. 1. Rada Naukowa sk\u0142ada si\u0119 z os\u00f3b\u00a0 powo\u0142anych na 4 letni\u0105 kadencj\u0119 przez \u00a0Krajow\u0105 Rad\u0119 Komornicz\u0105 spo\u015br\u00f3d kandydat\u00f3w wskazanych przez Przewodnicz\u0105cego Rady Naukowej. Cz\u0142onkami Rady Naukowej mog\u0105 by\u0107 tak\u017ce osoby nie b\u0119d\u0105ce komornikami s\u0105dowymi. W sk\u0142ad Rady Naukowej wchodzi z urz\u0119du Dyrektor O\u015brodka.<\/p>\n<p>2. Przewodnicz\u0105cego Rady Naukowej powo\u0142uje Krajowa Rada Komornicza na 4 letni\u0105 kadencj\u0119.<\/p>\n<p>3. Rada Naukowa inspiruje poczynania O\u015brodka, opiniuje plany dzia\u0142alno\u015bci O\u015brodka oraz ocenia jego dzia\u0142alno\u015b\u0107.<\/p>\n<p>4. Rada Naukowa podejmuje w porozumieniu z Krajow\u0105 Rad\u0105 Komornicz\u0105 oraz Dyrektorem O\u015brodka wszelkie dzia\u0142ania niezb\u0119dne do osi\u0105gni\u0119cia cel\u00f3w statutowych O\u015brodka.<\/p>\n<p>5. Zebrania Rady Naukowej zwo\u0142uje jej Przewodnicz\u0105cy w miar\u0119 potrzeby, nie rzadziej jednak ni\u017c raz na rok. Zebrania Rady Naukowej mog\u0105 odbywa\u0107 si\u0119 na sesjach wyjazdowych.<\/p>\n<p>6. W zebraniach Rady Naukowej uczestnicz\u0105<strong>,<\/strong> przedstawiciele Krajowej Rady Komorniczej, Redaktor Naczelny \u201eNowej Currendy\u201d i Redaktor Naczelny \u201ePrzegl\u0105du Prawa Egzekucyjnego\u201d oraz osoby zaproszone przez Przewodnicz\u0105cego Rady Naukowej.<\/p>\n<p>7. Rada Naukowa sk\u0142ada Krajowej Radzie Komorniczej sprawozdanie ze swej kadencyjnej dzia\u0142alno\u015bci.<\/p>\n<p>\u00a7 7. 1. Dyrektora O\u015brodka powo\u0142uje Krajowa Rada Komornicza na 4 letni\u0105 kadencj\u0119\u00a0po przeprowadzeniu konkursu. Konkurs na stanowisko dyrektora og\u0142asza Prezes Krajowej Rady Komorniczej w terminie 30 dni od daty wyst\u0105pienia wakatu na tym stanowisku. Tryb i zasady przeprowadzenia konkursu okre\u015bla Prezes w og\u0142oszeniu o konkursie. 2. Do czasu powo\u0142ania na stanowisko dyrektora O\u015brodka osoby wy\u0142onionej w drodze konkursu, Prezes Krajowej Rady Komorniczej wyznacza osob\u0119 pe\u0142ni\u0105c\u0105 obowi\u0105zki dyrektora O\u015brodka.<\/p>\n<p>\u00a7 8. Dyrektor kieruje dzia\u0142alno\u015bci\u0105 O\u015brodka, koordynuje jego prac\u0119 i reprezentuje go na zewn\u0105trz, przedstawia Krajowej Radzie Komorniczej wyniki prac, inicjuje i prowadzi dzia\u0142ania w zakresie zada\u0144 statutowych O\u015brodka.<\/p>\n<p>\u00a7 9. Dyrektor O\u015brodka sporz\u0105dza plany prac O\u015brodka, w tym roczny plan szkoleniowy, preliminarze wydatk\u00f3w i sprawozdania z dzia\u0142alno\u015bci O\u015brodka, kt\u00f3re przedstawia Krajowej Radzie Komorniczej.<\/p>\n<p>\u00a7 11. Obs\u0142ug\u0119 administracyjn\u0105 i finansow\u0105 O\u015brodka prowadzi Biuro Krajowej Rady Komorniczej<br \/>\nw Warszawie.<\/p>\n<p>\u00a7 12. Dla cel\u00f3w opracowa\u0144 specjalistycznych zwi\u0105zanych z zadaniami statutowymi Dyrektor O\u015brodka, po uzgodnieniu z Przewodnicz\u0105cym Rady Naukowej oraz Prezesem Krajowej Rady Komorniczej, powo\u0142uje ekspert\u00f3w, doradc\u00f3w, specjalist\u00f3w oraz praktyk\u00f3w z g\u0142osem doradczym.<\/p>\n<h3 align=\"center\">Rozdzia\u0142 IV<br \/>\nDzia\u0142alno\u015b\u0107 statutowa<\/h3>\n<p align=\"center\"><strong>\u00a0<\/strong><\/p>\n<p>\u00a7 13. Statutowa dzia\u0142alno\u015b\u0107 O\u015brodka prowadzona jest poprzez:<\/p>\n<p>1)\u00a0\u00a0\u00a0\u00a0\u00a0\u00a0 organizowanie konferencji, sympozj\u00f3w i seminari\u00f3w naukowych,<\/p>\n<p>2)\u00a0\u00a0\u00a0\u00a0\u00a0\u00a0 inicjowanie i wspieranie, tak\u017ce finansowe, dzia\u0142alno\u015bci naukowej oraz publikacji naukowych<br \/>\nw czasopismach prawniczych,<\/p>\n<p>3)\u00a0\u00a0\u00a0\u00a0\u00a0\u00a0 przygotowywanie opinii prawnych dla potrzeb organ\u00f3w samorz\u0105du komorniczego,<\/p>\n<p>4)\u00a0\u00a0\u00a0\u00a0\u00a0\u00a0 uczestnictwo\u00a0 w pracach legislacyjnych,<\/p>\n<p>5)\u00a0\u00a0\u00a0\u00a0\u00a0\u00a0 organizowanie szkole\u0144 dla komornik\u00f3w, asesor\u00f3w komorniczych i aplikant\u00f3w komorniczych, komisji dyscyplinarnej i komornik\u00f3w wizytator\u00f3w oraz kadry kierowniczej Kancelarii Komorniczych wed\u0142ug przyj\u0119tego planu szkoleniowego,<\/p>\n<p>6)\u00a0\u00a0\u00a0\u00a0\u00a0\u00a0 wspieranie dzia\u0142a\u0144 naukowych i szkoleniowych izb komorniczych,<\/p>\n<p>7)\u00a0\u00a0\u00a0\u00a0\u00a0\u00a0 wspieranie innych dzia\u0142a\u0144 zwi\u0105zanych z doskonaleniem zawodowym komornik\u00f3w s\u0105dowych,<\/p>\n<p>8)\u00a0\u00a0\u00a0\u00a0\u00a0\u00a0 organizowanie konkurs\u00f3w na najlepsze prace magisterskie i doktorskie z zakresu prawa egzekucyjnego i dzia\u0142alno\u015bci zawodowej komornik\u00f3w i samorz\u0105du komorniczego,<\/p>\n<p>9)\u00a0\u00a0\u00a0\u00a0\u00a0\u00a0 powo\u0142ywanie konsultant\u00f3w w sprawach wymagaj\u0105cych wiedzy specjalistycznej,<\/p>\n<p>10)\u00a0\u00a0 przyznawanie nagr\u00f3d za szczeg\u00f3lne zas\u0142ugi dla\u00a0 dzia\u0142alno\u015bci O\u015brodka i wype\u0142niania jego zada\u0144 statutowych,<\/p>\n<p>11)\u00a0\u00a0 Prowadzenie prac studyjnych co do przysz\u0142ego modelu wykonywania zawodu komornika s\u0105dowego.<\/p>\n<h3 align=\"center\"><span id=\"postanowienia-koncowe\"><\/span>Postanowienia ko\u0144cowe<\/h3>\n<p align=\"center\"><strong>\u00a0<\/strong><\/p>\n<p>\u00a7 14. Statut jest nieod\u0142\u0105czn\u0105 cz\u0119\u015bci\u0105 uchwa\u0142y Krajowej Rady Komorniczej o powo\u0142aniu O\u015brodka.<\/p>\n<p>\u00a7 15. Zmiany niniejszego statutu mog\u0105 by\u0107 dokonane uchwa\u0142\u0105 Krajowej Rady Komorniczej.<\/p>\n<p>\u00a7 16. Statut wchodzi w \u017cycie z dniem jego uchwalenia przez Krajow\u0105 Rad\u0119 Komornicz\u0105.<\/p>\n","protected":false},"excerpt":{"rendered":"<p>Statut O\u015brodka Naukowo-Szkoleniowego przy Krajowej Radzie Komorniczej Rozdzia\u0142 I Postanowienia og\u00f3lne &nbsp; \u00a71. O\u015brodek Naukowo-Szkoleniowy przy Krajowej Radzie Komorniczej, zwany dalej \u201eO\u015brodkiem\u201d, jest powo\u0142any&#8230;<\/p>\n","protected":false},"author":23,"featured_media":0,"parent":145,"menu_order":0,"comment_status":"closed","ping_status":"closed","template":"","meta":{"_acf_changed":false,"footnotes":""},"class_list":["post-177","page","type-page","status-publish","hentry"],"acf":[],"_links":{"self":[{"href":"https:\/\/www.komornik.pl\/index.php?rest_route=\/wp\/v2\/pages\/177","targetHints":{"allow":["GET"]}}],"collection":[{"href":"https:\/\/www.komornik.pl\/index.php?rest_route=\/wp\/v2\/pages"}],"about":[{"href":"https:\/\/www.komornik.pl\/index.php?rest_route=\/wp\/v2\/types\/page"}],"author":[{"embeddable":true,"href":"https:\/\/www.komornik.pl\/index.php?rest_route=\/wp\/v2\/users\/23"}],"replies":[{"embeddable":true,"href":"https:\/\/www.komornik.pl\/index.php?rest_route=%2Fwp%2Fv2%2Fcomments&post=177"}],"version-history":[{"count":1,"href":"https:\/\/www.komornik.pl\/index.php?rest_route=\/wp\/v2\/pages\/177\/revisions"}],"predecessor-version":[{"id":15410,"href":"https:\/\/www.komornik.pl\/index.php?rest_route=\/wp\/v2\/pages\/177\/revisions\/15410"}],"up":[{"embeddable":true,"href":"https:\/\/www.komornik.pl\/index.php?rest_route=\/wp\/v2\/pages\/145"}],"wp:attachment":[{"href":"https:\/\/www.komornik.pl\/index.php?rest_route=%2Fwp%2Fv2%2Fmedia&parent=177"}],"curies":[{"name":"wp","href":"https:\/\/api.w.org\/{rel}","templated":true}]}}