{"id":14291,"date":"2023-12-04T14:55:16","date_gmt":"2023-12-04T13:55:16","guid":{"rendered":"http:\/\/www.komornik.pl\/?page_id=14291"},"modified":"2024-06-17T10:13:35","modified_gmt":"2024-06-17T08:13:35","slug":"polityka-prywatnosci","status":"publish","type":"page","link":"https:\/\/www.komornik.pl\/?page_id=14291","title":{"rendered":"Polityka Prywatno\u015bci"},"content":{"rendered":"<h2 style=\"text-align: center;\"><span id=\"polityka-prywatnosci-serwisu-krajowej-rady-komorniczej\"><\/span>Polityka prywatno\u015bci serwisu Krajowej Rady Komorniczej<\/h2>\n<p>Informacja o przetwarzaniu Danych osobowych U\u017cytkownik\u00f3w Serwisu dost\u0119pnego pod adresem www.komornik.pl.<\/p>\n<ol>\n<li><a href=\"#section1\"><strong>TERMINY I U\u017bYTE SKR\u00d3TY<\/strong><\/a><\/li>\n<li><a href=\"#section2\"><strong>KONTAKT Z ADMINISTRATOREM W SPRAWIE DANYCH OSOBOWYCH<\/strong><\/a><\/li>\n<li><a href=\"#section3\"><strong>CEL I PODSTAWA PRAWNA PRZETWARZANIA DANYCH U\u017bYTKOWNIK\u00d3W<\/strong><\/a><\/li>\n<li><a href=\"#section4\"><strong>OKRES PRZETWARZANIA DANYCH<\/strong><\/a><\/li>\n<li><a href=\"#section5\"><strong>ODBIORCY DANYCH OSOBOWYCH<\/strong><\/a><\/li>\n<li><a href=\"#section6\"><strong>PRZEKAZYWANIE DANYCH OSOBOWYCH POZA EUROPEJSKI OBSZAR GOSPODARCZY (EOG)<\/strong><\/a><\/li>\n<li><a href=\"#section7\"><strong>UPRAWNIENIA U\u017bYTKOWNIKA W ZAKRESIE PRZETWARZANIA DANYCH<\/strong><\/a><\/li>\n<li><a href=\"#section8\"><strong>ODNO\u015aNIKI DO PLATFORM SPO\u0141ECZNO\u015aCIOWYCH<\/strong><\/a><\/li>\n<li><a href=\"#section9\"><strong>INFORMACJE O PLIKACH COOKIE<\/strong><\/a><\/li>\n<li><a href=\"#section10\"><strong>ZMIANY POLITYKI PRYWATNO\u015aCI<\/strong><\/a><\/li>\n<\/ol>\n<ol>\n<li id=\"section1\"><strong>TERMINY I U\u017bYTE SKR\u00d3TY<br \/>\n<\/strong>Wszystkie terminy zapisane wielk\u0105 liter\u0105 w niniejszej Polityce prywatno\u015bci, maj\u0105 nast\u0119puj\u0105ce znaczenie:<\/p>\n<ol>\n<li><strong>Administrator<\/strong> &#8211; Administratorem danych osobowych jest Krajowa Rada Komornicza w Warszawie, maj\u0105ca siedzib\u0119 przy ul. Szpitalnej 4\/10 w Warszawie.<\/li>\n<li><strong>Dane osobowe<\/strong> \u2013 wszelkie informacje o zidentyfikowanej lub mo\u017cliwej do zidentyfikowania osobie fizycznej (\u201eosobie, kt\u00f3rej dane dotycz\u0105\u201d); mo\u017cliwa do zidentyfikowania osoba fizyczna to osoba, kt\u00f3r\u0105 mo\u017cna bezpo\u015brednio lub po\u015brednio zidentyfikowa\u0107, w szczeg\u00f3lno\u015bci na podstawie identyfikatora takiego jak imi\u0119 \u2028i nazwisko, numer identyfikacyjny, dane o lokalizacji, identyfikator internetowy lub jeden b\u0105d\u017a kilka szczeg\u00f3lnych czynnik\u00f3w okre\u015blaj\u0105cych fizyczn\u0105, fizjologiczn\u0105, genetyczn\u0105, psychiczn\u0105, ekonomiczn\u0105, kulturow\u0105 lub spo\u0142eczn\u0105 to\u017csamo\u015b\u0107 osoby fizycznej.<\/li>\n<li><strong>Polityka<\/strong> \u2013 niniejsza polityka prywatno\u015bci.<\/li>\n<li><strong>RODO<\/strong> &#8211; rozporz\u0105dzenie Parlamentu Europejskiego i Rady (UE) 2016\/679 z 27.04.2016 r. w sprawie ochrony os\u00f3b fizycznych w zwi\u0105zku z przetwarzaniem Danych osobowych i w sprawie swobodnego przep\u0142ywu takich Danych oraz uchylenia dyrektywy 95\/46\/WE.<\/li>\n<li><strong>Serwis<\/strong> \u2013 serwis internetowy prowadzony przez Administratora sk\u0142adaj\u0105cy si\u0119 z cz\u0119\u015bci og\u00f3lnodost\u0119pnej \u2028i wewn\u0119trznej pod adresem: <a href=\"https:\/\/www.komornik.pl\/\">https:\/\/www.komornik.pl\/<\/a>.<\/li>\n<li><strong>U\u017cytkownik<\/strong> \u2013 za u\u017cytkownika rozumie si\u0119 ka\u017cd\u0105 osob\u0119 fizyczn\u0105 odwiedzaj\u0105c\u0105 Serwis Administratora, loguj\u0105c\u0105 si\u0119 do wewn\u0119trznej cz\u0119\u015bci Serwisu, odwiedzaj\u0105c\u0105 profile Administratora w mediach spo\u0142eczno\u015bciowych, a tak\u017ce ka\u017cd\u0105 osob\u0119 fizyczn\u0105 kontaktuj\u0105c\u0105 si\u0119 z Administratorem za po\u015brednictwem poczty elektronicznej.<\/li>\n<\/ol>\n<\/li>\n<li id=\"section2\"><strong>KONTAKT Z ADMIN<\/strong><strong>ISTRATOREM W SPRAWIE DANYCH OSOBOWYCH<\/strong><br \/>\nKontakt w sprawie Danych osobowych U\u017cytkownik\u00f3w mo\u017cliwy jest pisz\u0105c na adres poczty elektronicznej:\u00a0<a href=\"mailto:krk@komornik.pl\">krk@komornik.pl<\/a> lub na adres korespondencyjny: ul. Szpitalna 4\/10, 00-013 Warszawa.<br \/>\nAdministrator wyznaczy\u0142 r\u00f3wnie\u017c inspektora ochrony danych, z kt\u00f3rym mo\u017cna si\u0119 skontaktowa\u0107 w sprawie swoich Danych pisz\u0105c na adres poczty elektronicznej: <a href=\"mailto:iod.krk.001@komornik.pl\">iod.krk.001@komornik.pl<\/a> lub pisemnie na adres korespondencyjny wskazany wy\u017cej.<\/li>\n<li id=\"section3\"><strong>CEL I PODSTAWA PRAWNA PRZETWARZANIA DANYCH U\u017bYTKOWNIK\u00d3W<br \/>\n<\/strong><br \/>\n<strong>3.1 W ZAKRESIE KORZYSTANIA Z SERWISU<\/strong><br \/>\nSerwis Administratora sk\u0142ada si\u0119 z dw\u00f3ch cz\u0119\u015bci: zewn\u0119trznej, dost\u0119pnej dla ka\u017cdego i wewn\u0119trznej, skierowanej do cz\u0142onk\u00f3w samorz\u0105du komorniczego. Dost\u0119p do wewn\u0119trznego Serwisu mo\u017cliwy jest po uprzednim podaniu wcze\u015bniej ustalonych danych uwierzytelniaj\u0105cych. Odwiedzanie zewn\u0119trznego Serwisu nie wymaga za\u015b podawania danych osobowych. Jednak\u017ce, w celu zapewniani jako\u015bci us\u0142ug oraz analizy statystyk odwiedzin, serwery automatycznie rejestruj\u0105 informacje, takie jak adres IP, typ przegl\u0105darki i jej wersje, dat\u0119, godzin\u0119 dost\u0119pu do Serwisu oraz czas trwania sesji. Chocia\u017c te informacje nie identyfikuj\u0105 bezpo\u015brednio U\u017cytkownika, mog\u0105 by\u0107 wykorzystane w celu analizy i optymalizacji dzia\u0142ania Serwisu. Mog\u0105 by\u0107 r\u00f3wnie\u017c wykorzystywane w celach bezpiecze\u0144stwa, w razie potrzeby wyja\u015bnienia ewentualnych incydent\u00f3w. Informacje te przechowywane s\u0105 jedynie przez ograniczony czas, a nast\u0119pnie usuwane.<br \/>\nPoni\u017cej szczeg\u00f3\u0142owe cele przetwarzania Danych osobowych:<\/p>\n<ul>\n<li>\u015bwiadczenie us\u0142ug drog\u0105 elektroniczn\u0105 w zakresie udost\u0119pniania U\u017cytkownikom og\u00f3lnodost\u0119pnych tre\u015bci gromadzonych w Serwisie \u2013 w\u00f3wczas podstaw\u0105 prawn\u0105 przetwarzania jest niezb\u0119dno\u015b\u0107 przetwarzania do wykonania umowy (art. 6 ust. 1 lit. b RODO);<\/li>\n<li>zapewnienie bezpiecze\u0144stwa Serwisu przed niepo\u017c\u0105danymi dzia\u0142aniami, kt\u00f3re mog\u0142yby zagra\u017ca\u0107 jego prawid\u0142owemu dzia\u0142aniu i bezpiecze\u0144stwu przesy\u0142anych Danych, co stanowi uzasadniony interes Administratora. Takie dzia\u0142anie ma na celu zapewnienie odporno\u015bci Serwisu na przypadkowe lub niezgodne z prawem dzia\u0142ania naruszaj\u0105cego jego bezpiecze\u0144stwo (art. 6 ust.\u00a01 lit. f RODO).<\/li>\n<li>oraz ustalenie i dochodzenia roszcze\u0144 lub obrony przed roszczeniami. Podstaw\u0105 prawn\u0105 takiego przetwarzania jest prawnie uzasadniony interes Administratora, polegaj\u0105cy na ochronie jego praw (art. 6 ust. 1 lit. f RODO).<\/li>\n<\/ul>\n<p>Dane U\u017cytkownik\u00f3w korzystaj\u0105cych z wewn\u0119trznej cz\u0119\u015bci Serwisu b\u0119d\u0105 przetwarzane dodatkowo \u2028w celu:<\/p>\n<ul>\n<li>umo\u017cliwienia dost\u0119pu w celu przesy\u0142ania bie\u017c\u0105cych informacji dotycz\u0105cych dzia\u0142alno\u015bci Administratora, \u2028w tym informacji dotycz\u0105cych planowanych szkole\u0144 zawodowych czy te\u017c organizowanych wydarzeniach oraz innych istotnych informacji w zakresie funkcjonowania samorz\u0105du komornik\u00f3w s\u0105dowych. Podstaw\u0105 prawn\u0105 takiego przetwarzania jest prawnie uzasadniony interes Administratora, kt\u00f3ry polega na mo\u017cliwo\u015bci informowania cz\u0142onk\u00f3w samorz\u0105du zawodowego o jego bie\u017c\u0105cej dzia\u0142alno\u015bci (art. 6 ust. 1 lit. f RODO).<\/li>\n<\/ul>\n<p><strong>3.2 W ZAKRESIE PROWADZENIA KORESPONDENCJI ELEKTRONICZNEJ<\/strong><br \/>\nDane zawarte w korespondencji elektronicznej, w tym adres e-mail, Administrator b\u0119dzie przetwarza\u0107 w celu prowadzenia komunikacji z U\u017cytkownikiem oraz dokumentowania ustale\u0144 wynikaj\u0105cych z prowadzonej korespondencji. Podstaw\u0105 prawn\u0105 takiego przetwarzania jest prawnie uzasadniony interes Administratora polegaj\u0105cy na umo\u017cliwieniu kontaktu z nim oraz prowadzeniu korespondencji za po\u015brednictwem poczty elektronicznej (art. 6 ust. 1 lit. f RODO).<br \/>\nW przypadku korespondencji e-mailowej dotycz\u0105cej skargi na cz\u0142onka samorz\u0105du komorniczego, podstaw\u0105 prawn\u0105 przetwarzania Danych zawartych w tej korespondencji b\u0119dzie realizacja obowi\u0105zku prawnego na\u0142o\u017conego na Administratora w zwi\u0105zku z art. 188 ustawy z dnia 22 marca 2018 r. o. komornikach s\u0105dowych w zakresie sprawowania nadzoru nad komornikami s\u0105dowymi (art. 6 ust. 1 lit. c RODO).Administrator przetwarza jedynie dane istotne dla sprawy, kt\u00f3rej dotyczy korespondencja. Ca\u0142o\u015b\u0107 korespondencji jest przechowywana w spos\u00f3b zapewniaj\u0105cy bezpiecze\u0144stwo zawartych w niej danych.<\/p>\n<p>Je\u015bli u\u017cytkownik nie poda swoich Danych, Administrator nie b\u0119dzie m\u00f3g\u0142 si\u0119 z nim skontaktowa\u0107 za po\u015brednictwem poczty elektronicznej.<\/p>\n<p><strong>3.3 W ZAKRESIE PROWADZENIA NEWSLETTERA<\/strong><br \/>\nW wewn\u0119trznym Serwisie strony istnieje mo\u017cliwo\u015b\u0107 zapisania si\u0119 do newslettera poprzez podanie adresu e-mail. Podany adres e-mail b\u0119dzie wykorzystywany wy\u0142\u0105cznie w celu wys\u0142ania biuletynu newslettera. Je\u015bli U\u017cytkownik nie poda swoich danych kontaktowych, Administrator nie b\u0119dzie m\u00f3g\u0142 wys\u0142a\u0107 mu newslettera.<br \/>\nPodstaw\u0105 prawn\u0105 przetwarzania w wy\u017cej wymienionym celu jest wyra\u017cona przez U\u017cytkownika zgoda (art. 6 ust. 1 lit. a RODO).<\/p>\n<p><strong>Wycofanie zgody na newsletter<\/strong><br \/>\nU\u017cytkownik mo\u017ce w ka\u017cdej chwili zrezygnowa\u0107 z subskrypcji newslettera poprzez klikni\u0119cie stosownego linka zamieszczonego na ko\u0144cu ka\u017cdej wiadomo\u015bci lub wys\u0142a\u0107 w tym celu wiadomo\u015b\u0107 e-mail na adres: <a href=\"mailto:iod.krk.001@komornik.pl\">iod.krk.001@komornik.pl<\/a>.<\/p>\n<p><strong>3.4 W ZAKRESIE PROWADZENIA KONT W MEDIACH SPO\u0141ECZNO\u015aCIOWYCH<\/strong><br \/>\nAdministrator prowadzi profile w mediach spo\u0142eczno\u015bciowych takich jak Twitter, Facebook, LinkedIn oraz YouTube. Gdy U\u017cytkownik kliknie ikonk\u0119 \u201eObserwuj\u201d, \u201eLubi\u0119 to\u201d lub inn\u0105 podobn\u0105 na profilu Administratora, opublikuje komentarz pod postem lub wy\u015ble bezpo\u015brednio wiadomo\u015b\u0107 za po\u015brednictwem niniejszych platform spo\u0142eczno\u015bciowych, Administrator b\u0119dzie przetwarza\u0107 tylko Dane, kt\u00f3re s\u0105 dost\u0119pne publicznie na jego profilu takie jak imi\u0119, nazwisko, nick lub inne informacje, kt\u00f3re zosta\u0142y udost\u0119pnione lub oznaczone jako publiczne.<br \/>\nPodstaw\u0105 prawn\u0105 takiego przetwarzania jest prawnie uzasadniony interes Administratora polegaj\u0105cy na informowaniu o organizowanych wydarzeniach i konferencjach naukowych zwi\u0105zanych z prawem egzekucji s\u0105dowych, popularyzacja wiedzy w tym zakresie oraz prowadzeniu komunikacji z U\u017cytkownika za po\u015brednictwem serwis\u00f3w spo\u0142eczno\u015bciowych (art. 6 ust. 1 lit. f RODO).<br \/>\nPozosta\u0142e Dane s\u0105 przetwarzane przez operator\u00f3w platform spo\u0142eczno\u015bciowych, zgodnie z warunkami okre\u015blonymi w ich regulaminach.<br \/>\nU\u017cytkownik mo\u017ce w ka\u017cdej chwili zrezygnowa\u0107 ze \u015bledzenia profil\u00f3w Administratora w mediach spo\u0142eczno\u015bciowych.<br \/>\n<strong><br \/>\nInformacja o wsp\u00f3\u0142administrowaniu danych<\/strong><br \/>\nAdministrator przetwarza r\u00f3wnie\u017c Dane U\u017cytkownik\u00f3w odwiedzaj\u0105cych jego profile w mediach spo\u0142eczno\u015bciowych \u2028w celach statystycznych. Podstaw\u0105 prawn\u0105 takiego przetwarzania jest uzasadniony interes Administratora polegaj\u0105cy na prowadzeniu analiz aktywno\u015bci U\u017cytkownik\u00f3w odwiedzaj\u0105cych jego profile (art. 6 ust. 1 lit. f RODO).<br \/>\nW zakresie w jakim Administrator korzysta z narz\u0119dzi do analiz w celach statystycznych, wsp\u00f3\u0142administruje Danymi U\u017cytkownik\u00f3w z poszczeg\u00f3lnymi serwisami, na kt\u00f3rych ma utworzony profil. Nale\u017c\u0105 do nich:<br \/>\n&#8211; Facebook;<br \/>\n&#8211; Twitter;<br \/>\n&#8211; LinkedIn;<br \/>\n&#8211; oraz Youtube.<br \/>\nW przypadku pyta\u0144 dotycz\u0105cych wsp\u00f3\u0142administrowania danymi osobowymi mo\u017cesz skontaktowa\u0107 si\u0119 \u2028z Administratorem lub bezpo\u015brednio z Meta Platforms Ireland Limited, Google LLC, Twitter International Company lub LinkedIn Corporation. Szczeg\u00f3\u0142owe informacje na temat przetwarzania Danych przez te serwisy dost\u0119pne s\u0105 na ich stronach internetowych.<\/li>\n<li id=\"section4\"><strong>OKRES PRZETWARZANIA DANYCH<\/strong><br \/>\nOkres przetwarzania Danych osobowych ustalany jest w\u00a0oparciu o\u00a0cel przetwarzania i\u00a0istniej\u0105c\u0105 podstaw\u0119 prawn\u0105:<\/p>\n<ul>\n<li>w przypadku, gdy Dane przetwarzane s\u0105 na podstawie udzielonej zgody, Administrator przetwarza Dane do czasu jej wycofania lub realizacji celu, w jakim zbiera te Dane;<\/li>\n<li>w przypadku, gdy podstawa\u0328 przetwarzania Danych jest realizacja obowi\u0105zk\u00f3w wynikaj\u0105cych \u2028z obowi\u0105zuj\u0105cych przepis\u00f3w prawa, przetwarzanie obejmuje okres wynikaj\u0105cy z realizacji ustawowych zada\u0144 Administratora oraz innych obowi\u0105zuj\u0105cych przepis\u00f3w prawa;<\/li>\n<li>w przypadku, gdy Dane s\u0105 przetwarzane na podstawie uzasadnionego interesu Administratora, okres przetwarzania trwa do momentu ustania tego interesu lub do momentu z\u0142o\u017cenia przez U\u017cytkownika skutecznego sprzeciwu \u2013 w sytuacjach, gdy sprzeciw taki zgodnie z przepisami prawa przys\u0142uguje U\u017cytkownikowi;<\/li>\n<li>Dane przetwarzane z uwagi na konieczno\u015b\u0107 wykonania umowy s\u0105 przetwarzane tak d\u0142ugo, jak jest to niezb\u0119dne do wykonania umowy, a po tym czasie przez okres odpowiadaj\u0105cy okresowi przedawnienia roszcze\u0144.<\/li>\n<\/ul>\n<\/li>\n<li id=\"section5\"><strong>ODBIORCY DANYCH OSOBOWYCH<\/strong><br \/>\nDane osobowe U\u017cytkownik\u00f3w mog\u0105 zosta\u0107 udost\u0119pnione podmiotom zapewniaj\u0105cym techniczno-administracyjna\u0328 obs\u0142uge\u0328 dzia\u0142alno\u015bci Administratora, czyli dostawca\u0328 oprogramowania, poczty elektronicznej oraz hostingu.<\/li>\n<li id=\"section6\"><strong>PRZEKAZYWANIE DANYCH OSOBOWYCH POZA EUROPEJSKI OBSZAR GOSPODARCZY (EOG)<\/strong><br \/>\nAdministrator z regu\u0142y nie przekazuje danych osobowych poza EOG. Mo\u017ce si\u0119 jednak zdarzy\u0107, \u017ce Dane U\u017cytkownika, \u2028w ograniczonym zakresie zostan\u0105 przekazane poza Europejski Obszar Gospodarczy do firmy Microsoft, w ramach korzystania z pakietu Office 365. W celu zabezpieczenia przekazywanych Danych, firma Microsoft stosuje r\u00f3\u017cne \u015brodki bezpiecze\u0144stwa, w tym szyfrowanie danych oraz ich pseudonimizacje polegaj\u0105c\u0105 na zast\u0105pieniu danych identyfikuj\u0105cych innymi danymi, uniemo\u017cliwiaj\u0105c tym samym identyfikacje U\u017cytkownika.<br \/>\nPonadto, firma Microsoft uczestniczy w programie Data Privacy Framework. Oznacza to, \u017ce spe\u0142nia ona okre\u015blone standardy i \u015brodki ochrony danych, kt\u00f3re zosta\u0142y zatwierdzone przez Komisj\u0119 Europejsk\u0105. Dzi\u0119ki temu, Dane s\u0105 dodatkowo zabezpieczone podczas ich transferu poza EOG.<\/li>\n<li id=\"section7\"><strong>UPRAWNIENIA U\u017bYTKOWNIKA W ZAKRESIE PRZETWARZANIA DANYCH<\/strong><br \/>\nU\u017cytkownik ma prawo do:<\/p>\n<ul>\n<li>\u017c\u0105dania wgl\u0105du do swoich Danych, a tak\u017ce otrzymania ich kopii;<\/li>\n<li>\u017c\u0105dania sprostowania (poprawienia) Danych, a tak\u017ce uzupe\u0142nienia niekompletnych Danych;<\/li>\n<li>\u017c\u0105dania usuni\u0119cia Danych;<\/li>\n<li>\u017c\u0105dania ograniczenia przetwarzania &#8211; np. gdy U\u017cytkownik zauwa\u017cy, \u017ce jego Dane s\u0105 nieprawid\u0142owe, mo\u017ce \u017c\u0105da\u0107 ograniczenia przetwarzania swoich Danych;<\/li>\n<li>\u017c\u0105dania przeniesienia swoich Danych;<\/li>\n<li>sprzeciwienia si\u0119 przetwarzaniu swoich Danych, je\u015bli Administrator przetwarza je na podstawie swojego interesu;<\/li>\n<li>wniesienia skargi do Prezesa Urz\u0119du Ochrony Danych Osobowych, je\u015bli U\u017cytkownik uwa\u017ca, \u017ce przetwarzaj\u0105c jego Dane, dosz\u0142o do naruszenia prawa;<\/li>\n<li>wycofania swojej zgody na przetwarzanie Danych w dowolnym momencie, bez wp\u0142ywu na ju\u017c dokonane przetwarzanie, kt\u00f3re mia\u0142o miejsce przed wycofaniem zgody. Dotyczy to sytuacji, gdy Dane U\u017cytkownika s\u0105 zbierane na podstawie udzielonej wcze\u015bniej zgody.<\/li>\n<\/ul>\n<p>Wniosek o realizacj\u0119 przys\u0142uguj\u0105cych praw mo\u017cna zg\u0142osi\u0107 pisz\u0105c na adres e-mail:\u00a0<a href=\"mailto:iod.krk.001@komornik.pl\">iod.krk.001@komornik.pl<\/a> We wniosku nale\u017cy poda\u0107 Dane, kt\u00f3re pozwol\u0105 na jednoznaczn\u0105 identyfikacj\u0119 U\u017cytkownika.<br \/>\nZakres ka\u017cdego z tych praw oraz sytuacje, w kt\u00f3rych mo\u017cna z nich skorzysta\u0107, wynikaj\u0105 z przepis\u00f3w prawa. To, z kt\u00f3rego uprawnienia mo\u017cna b\u0119dzie skorzysta\u0107, zale\u017ce\u0107 b\u0119dzie np. od podstawy prawnej wykorzystywania przez Administratora Danych U\u017cytkownika.<\/li>\n<li id=\"section8\"><strong>ODNO\u015aNIKI DO PLATFORM SPO\u0141ECZNO\u015aCIOWYCH<\/strong><br \/>\nW Serwisie znajduj\u0105 si\u0119 tak\u017ce odno\u015bniki do profili Administratora na platformach spo\u0142eczno\u015bciowych takich jak: Twitter, Facebook, LinkedIn oraz YouTube. Ma to na celu u\u0142atwienie dost\u0119pu do informacji dotycz\u0105cych Administratora.<br \/>\nU\u017cywaj\u0105c odno\u015bnik\u00f3w do medi\u00f3w spo\u0142eczno\u015bciowych nale\u017cy pami\u0119ta\u0107, \u017ce ka\u017cda z tych platform posiada w\u0142asne zasady ochrony prywatno\u015bci. Z tego powodu Administrator nie odpowiada za spos\u00f3b, w jaki te platformy przetwarzaj\u0105 \u2028i wykorzystuj\u0105 Dane U\u017cytkownik\u00f3w. Zalecamy zapoznanie si\u0119 z politykami prywatno\u015bci tych platform przed skorzystaniem \u2028z odno\u015bnik\u00f3w umieszczonych w Serwisie<\/li>\n<li id=\"section9\"><strong>INFORMACJE O PLIKACH COOKIE<\/strong><br \/>\nKiedy U\u017cytkownik odwiedzi Serwis Administratora, na jego urz\u0105dzeniu zostanie zapisany plik cookie o nazwie &#8222;PHPSessid&#8221;. Zapewnia on prawid\u0142owe funkcjonowanie Serwisu, umo\u017cliwiaj\u0105c U\u017cytkownikowi swobodne poruszanie si\u0119 po jego zawarto\u015bci. Plik ten przechowuje istotne informacj\u0119 o sesji U\u017cytkownika, takie jak dane logowania do wewn\u0119trznego Serwisu oraz wybrane ustawienia i preferencje.<br \/>\nPlik cookie \u201ePHPSessid\u201d jest automatycznie instalowany na urz\u0105dzeniu U\u017cytkownika, poniewa\u017c jest niezb\u0119dny dla prawid\u0142owego dzia\u0142ania Serwisu. Jest on tymczasowy i zostanie usuni\u0119ty po zamkni\u0119ciu przegl\u0105darki.<br \/>\nU\u017cytkownik mo\u017ce w dowolnym momencie zmieni\u0107 spos\u00f3b korzystania z plik\u00f3w cookie dokonuj\u0105c modyfikacji ustawie\u0144 przegl\u0105darki internetowej, w tym usun\u0105\u0107 pliki cookie, kt\u00f3ry zosta\u0142 ju\u017c zapisany na urz\u0105dzeniu. Mo\u017cliwo\u015bci zarz\u0105dzania \u2028i usuwania plik\u00f3w cookie r\u00f3\u017cni si\u0119 w zale\u017cno\u015bci od u\u017cywanej przegl\u0105darki. Wszystkie niezb\u0119dne informacje mo\u017cna znale\u017a\u0107 wykorzystuj\u0105c funkcj\u0119 \u201ePomoc\u201d w swojej przegl\u0105darce lub odwiedzaj\u0105c stron\u0119 internetow\u0105 <a href=\"https:\/\/www.aboutcookies.org\/\" target=\"_blank\" rel=\"noopener\">https:\/\/www.aboutcookies.org\/<\/a>, na kt\u00f3rej wyja\u015bniono, jak kontrolowa\u0107 i usuwa\u0107 pliki cookie w najpopularniejszych przegl\u0105darkach.<br \/>\nPami\u0119ta\u0107 nale\u017cy, \u017ce zablokowanie pliku cookie \u201ePHPSessid\u201d mo\u017ce spowodowa\u0107 trudno\u015bci w dzia\u0142aniu lub zupe\u0142nie uniemo\u017cliwi\u0107 korzystanie z Serwisu.<\/li>\n<li id=\"section10\"><strong>ZMIANY POLITYKI PRYWATNO\u015aCI<\/strong><br \/>\nPolityka prywatno\u015bci jest na bie\u017c\u0105co weryfikowana i w razie potrzeby aktualizowana. Najnowsza wersja dokumentu jest zawsze opublikowana w Serwisie.<br \/>\nOstatnia aktualizacja Polityki mia\u0142a miejsce 14.06.2024r.<\/li>\n<\/ol>\n","protected":false},"excerpt":{"rendered":"<p>Polityka prywatno\u015bci serwisu Krajowej Rady Komorniczej Informacja o przetwarzaniu Danych osobowych U\u017cytkownik\u00f3w Serwisu dost\u0119pnego pod adresem www.komornik.pl. TERMINY I U\u017bYTE SKR\u00d3TY KONTAKT Z ADMINISTRATOREM&#8230;<\/p>\n","protected":false},"author":23,"featured_media":0,"parent":0,"menu_order":0,"comment_status":"closed","ping_status":"closed","template":"templates\/page-privacy.php","meta":{"_acf_changed":false,"footnotes":""},"class_list":["post-14291","page","type-page","status-publish","hentry"],"acf":[],"_links":{"self":[{"href":"https:\/\/www.komornik.pl\/index.php?rest_route=\/wp\/v2\/pages\/14291","targetHints":{"allow":["GET"]}}],"collection":[{"href":"https:\/\/www.komornik.pl\/index.php?rest_route=\/wp\/v2\/pages"}],"about":[{"href":"https:\/\/www.komornik.pl\/index.php?rest_route=\/wp\/v2\/types\/page"}],"author":[{"embeddable":true,"href":"https:\/\/www.komornik.pl\/index.php?rest_route=\/wp\/v2\/users\/23"}],"replies":[{"embeddable":true,"href":"https:\/\/www.komornik.pl\/index.php?rest_route=%2Fwp%2Fv2%2Fcomments&post=14291"}],"version-history":[{"count":1,"href":"https:\/\/www.komornik.pl\/index.php?rest_route=\/wp\/v2\/pages\/14291\/revisions"}],"predecessor-version":[{"id":15461,"href":"https:\/\/www.komornik.pl\/index.php?rest_route=\/wp\/v2\/pages\/14291\/revisions\/15461"}],"wp:attachment":[{"href":"https:\/\/www.komornik.pl\/index.php?rest_route=%2Fwp%2Fv2%2Fmedia&parent=14291"}],"curies":[{"name":"wp","href":"https:\/\/api.w.org\/{rel}","templated":true}]}}